{"id":29,"date":"2017-03-24T12:30:03","date_gmt":"2017-03-24T12:30:03","guid":{"rendered":"https:\/\/ka-creation.fr\/?page_id=29"},"modified":"2024-11-11T16:40:19","modified_gmt":"2024-11-11T15:40:19","slug":"accueil","status":"publish","type":"page","link":"https:\/\/ka-creation.fr\/","title":{"rendered":"Accueil"},"content":{"rendered":"<p>[vc_row][vc_column][rev_slider slidertitle=\u00a0\u00bbSlider 1&Prime; alias=\u00a0\u00bbslider-1&Prime; offset=\u00a0\u00bb\u00a0\u00bb][\/vc_column][\/vc_row][vc_row full_width=\u00a0\u00bbstretch_row\u00a0\u00bb][vc_column width=\u00a0\u00bb1\/2&Prime;][vc_empty_space height=\u00a0\u00bb2.5em\u00a0\u00bb alter_height=\u00a0\u00bbnone\u00a0\u00bb hide_on_mobile=\u00a0\u00bb\u00a0\u00bb][trx_sc_action type=\u00a0\u00bbdefault\u00a0\u00bb full_height=\u00a0\u00bb\u00a0\u00bb actions=\u00a0\u00bb%5B%7B%22position%22%3A%22mc%22%2C%22link%22%3A%22%2Fshop%2F%22%2C%22link_text%22%3A%22T-Shirt%22%2C%22bg_image%22%3A%22709%22%2C%22icon%22%3A%22Array%22%7D%5D\u00a0\u00bb slider=\u00a0\u00bb\u00a0\u00bb title_style=\u00a0\u00bbdefault\u00a0\u00bb height=\u00a0\u00bb26.5em\u00a0\u00bb css=\u00a0\u00bb.vc_custom_1720118483030{background-image: url(http:\/\/ka-creation.fr\/wp-content\/uploads\/2024\/07\/24-05-11_KarinaCreation_Tshirt_Blanc-60-scaled.jpg?id=2235) !important;background-position: center !important;background-repeat: no-repeat !important;background-size: contain !important;}\u00a0\u00bb][\/vc_column][vc_column width=\u00a0\u00bb1\/2&Prime;][vc_empty_space height=\u00a0\u00bb2.5em\u00a0\u00bb alter_height=\u00a0\u00bbnone\u00a0\u00bb hide_on_mobile=\u00a0\u00bb\u00a0\u00bb][trx_sc_action type=\u00a0\u00bbdefault\u00a0\u00bb full_height=\u00a0\u00bb\u00a0\u00bb actions=\u00a0\u00bb%5B%7B%22position%22%3A%22mc%22%2C%22link%22%3A%22%2Fshop%2F%22%2C%22link_text%22%3A%22Bijoux%22%2C%22bg_image%22%3A%22710%22%2C%22icon%22%3A%22Array%22%7D%5D\u00a0\u00bb title_style=\u00a0\u00bbdefault\u00a0\u00bb height=\u00a0\u00bb26.5em\u00a0\u00bb css=\u00a0\u00bb.vc_custom_1720118097748{background-image: url(http:\/\/ka-creation.fr\/wp-content\/uploads\/2024\/07\/24-05-11_KarinaCreation_RobeA-9-scaled-e1720118061604.jpg?id=2187) !important;background-position: center !important;background-repeat: no-repeat !important;background-size: contain !important;}\u00a0\u00bb][vc_empty_space height=\u00a0\u00bb2.5em\u00a0\u00bb alter_height=\u00a0\u00bbnone\u00a0\u00bb hide_on_mobile=\u00a0\u00bb\u00a0\u00bb][\/vc_column][\/vc_row][vc_row equal_height=\u00a0\u00bbyes\u00a0\u00bb content_placement=\u00a0\u00bbmiddle\u00a0\u00bb][vc_column css=\u00a0\u00bb.vc_custom_1492700725457{margin-right: 20px !important;margin-left: 20px !important;background-color: #ebe9e6 !important;}\u00a0\u00bb offset=\u00a0\u00bbvc_col-lg-6&Prime;][vc_empty_space height=\u00a0\u00bb3em\u00a0\u00bb alter_height=\u00a0\u00bbnone\u00a0\u00bb hide_on_mobile=\u00a0\u00bb\u00a0\u00bb][trx_sc_promo title_style=\u00a0\u00bbdefault\u00a0\u00bb image_cover=\u00a0\u00bb\u00a0\u00bb image_position=\u00a0\u00bbleft\u00a0\u00bb size=\u00a0\u00bbnormal\u00a0\u00bb full_height=\u00a0\u00bb\u00a0\u00bb text_paddings=\u00a0\u00bb1&Prime; title=\u00a0\u00bbQui suis je ?\u00a0\u00bb description=\u00a0\u00bbBonjour, je me pr\u00e9sente, Karina AMMOUR, fondatrice et cr\u00e9atrice de la marque KA-Cr\u00e9ation.<\/p>\n<p>Figure-toi que j&rsquo;ai failli passer \u00e0 c\u00f4t\u00e9 de ma vocation&#8230; Crois-le ou non, j&rsquo;ai d\u00fb faire face \u00e0 un choix crucial au coll\u00e8ge : cuisine ou couture, couture ou cuisine\u2026 deux m\u00e9tiers qui se ressemblent, cr\u00e9ativit\u00e9, technique et diversit\u00e9.<\/p>\n<p>J&rsquo;ai suivi mon instinct, su \u00e9couter ma petite voix int\u00e9rieure qui me fredonnait : mode, mode, mode.<\/p>\n<p>Depuis ce jour, je me suis plong\u00e9e dans cet univers qui me fascine, laissant ma cr\u00e9ativit\u00e9 s&rsquo;exprimer tout en gardant ma personnalit\u00e9 dans mes cr\u00e9ations.<\/p>\n<p>C&rsquo;est ainsi qu&rsquo;est n\u00e9e KA-Cr\u00e9ation, une marque qui incarne ma vision de la mode durable : \u00e9co-responsable, tendance et original.<\/p>\n<p>KA-cr\u00e9ation s&rsquo;engage \u00e0 te fournir des v\u00eatements de qualit\u00e9s et respectueux de l\u2019environnement.<\/p>\n<p>Mes valeurs sont le c\u0153ur de la marque. Je crois en la diversit\u00e9, et \u00e0 la libert\u00e9 d&rsquo;expression.<br \/>\nChaque femme est unique, peu importe les tendances du moment.<\/p>\n<p>KA-cr\u00e9ation, c&rsquo;est une mode, un langage, un style.\u00a0\u00bb subtitle=\u00a0\u00bb\u00c0 PROPOS\u00a0\u00bb][vc_empty_space height=\u00a0\u00bb0.5em\u00a0\u00bb alter_height=\u00a0\u00bbnone\u00a0\u00bb hide_on_mobile=\u00a0\u00bb1&Prime;][\/trx_sc_promo][vc_empty_space height=\u00a0\u00bb1.5em\u00a0\u00bb alter_height=\u00a0\u00bbnone\u00a0\u00bb hide_on_mobile=\u00a0\u00bb\u00a0\u00bb][\/vc_column][vc_column width=\u00a0\u00bb1\/2&Prime; css=\u00a0\u00bb.vc_custom_1687170247545{background-position: center !important;background-repeat: no-repeat !important;background-size: cover !important;}\u00a0\u00bb][vc_single_image image=\u00a0\u00bb706&Prime; img_size=\u00a0\u00bb1000&#215;800&Prime; alignment=\u00a0\u00bbcenter\u00a0\u00bb][\/vc_column][vc_column offset=\u00a0\u00bbvc_col-lg-6&Prime;][trx_sc_content size=\u00a0\u00bbnone\u00a0\u00bb number_position=\u00a0\u00bbbr\u00a0\u00bb title_style=\u00a0\u00bbdefault\u00a0\u00bb][trx_widget_banner image=\u00a0\u00bb543&Prime; link=\u00a0\u00bb#\u00a0\u00bb][\/trx_sc_content][\/vc_column][\/vc_row][vc_row][vc_column][vc_empty_space height=\u00a0\u00bb4em\u00a0\u00bb alter_height=\u00a0\u00bbnone\u00a0\u00bb hide_on_mobile=\u00a0\u00bb\u00a0\u00bb][vc_empty_space height=\u00a0\u00bb3.8em\u00a0\u00bb alter_height=\u00a0\u00bbnone\u00a0\u00bb hide_on_mobile=\u00a0\u00bb1&Prime;][trx_sc_title title_style=\u00a0\u00bbdefault\u00a0\u00bb title_align=\u00a0\u00bbcenter\u00a0\u00bb title=\u00a0\u00bbLes Nouveaut\u00e9s\u00a0\u00bb][vc_empty_space height=\u00a0\u00bb4em\u00a0\u00bb alter_height=\u00a0\u00bbnone\u00a0\u00bb hide_on_mobile=\u00a0\u00bb\u00a0\u00bb][vc_empty_space height=\u00a0\u00bb3em\u00a0\u00bb alter_height=\u00a0\u00bbnone\u00a0\u00bb hide_on_mobile=\u00a0\u00bb1&Prime;][\/vc_column][\/vc_row][vc_row][vc_column]<div class=\"woocommerce columns-4 \"><\/div>[vc_empty_space height=\u00a0\u00bb3em\u00a0\u00bb alter_height=\u00a0\u00bbnone\u00a0\u00bb hide_on_mobile=\u00a0\u00bb\u00a0\u00bb][trx_sc_button type=\u00a0\u00bbbordered\u00a0\u00bb align=\u00a0\u00bbcenter\u00a0\u00bb icon_position=\u00a0\u00bbleft\u00a0\u00bb link=\u00a0\u00bbhttps:\/\/ka-creation.fr\/?page_id=43&Prime; title=\u00a0\u00bbVoir tous les v\u00eatements\u00a0\u00bb][vc_empty_space height=\u00a0\u00bb20em\u00a0\u00bb hide_on_mobile=\u00a0\u00bb\u00a0\u00bb][vc_empty_space height=\u00a0\u00bb20em\u00a0\u00bb hide_on_mobile=\u00a0\u00bb\u00a0\u00bb][vc_empty_space height=\u00a0\u00bb20em\u00a0\u00bb hide_on_mobile=\u00a0\u00bb\u00a0\u00bb][\/vc_column][\/vc_row]<\/p>\n","protected":false},"excerpt":{"rendered":"<p>[vc_row][vc_column][rev_slider slidertitle=\u00a0\u00bbSlider 1&Prime; alias=\u00a0\u00bbslider-1&Prime; offset=\u00a0\u00bb\u00a0\u00bb][\/vc_column][\/vc_row][vc_row full_width=\u00a0\u00bbstretch_row\u00a0\u00bb][vc_column width=\u00a0\u00bb1\/2&Prime;][vc_empty_space height=\u00a0\u00bb2.5em\u00a0\u00bb alter_height=\u00a0\u00bbnone\u00a0\u00bb hide_on_mobile=\u00a0\u00bb\u00a0\u00bb][trx_sc_action type=\u00a0\u00bbdefault\u00a0\u00bb full_height=\u00a0\u00bb\u00a0\u00bb actions=\u00a0\u00bb%5B%7B%22position%22%3A%22mc%22%2C%22link%22%3A%22%2Fshop%2F%22%2C%22link_text%22%3A%22T-Shirt%22%2C%22bg_image%22%3A%22709%22%2C%22icon%22%3A%22Array%22%7D%5D\u00a0\u00bb slider=\u00a0\u00bb\u00a0\u00bb title_style=\u00a0\u00bbdefault\u00a0\u00bb height=\u00a0\u00bb26.5em\u00a0\u00bb css=\u00a0\u00bb.vc_custom_1720118483030{background-image: url(http:\/\/ka-creation.fr\/wp-content\/uploads\/2024\/07\/24-05-11_KarinaCreation_Tshirt_Blanc-60-scaled.jpg?id=2235) !important;background-position: center !important;background-repeat: no-repeat !important;background-size: contain !important;}\u00a0\u00bb][\/vc_column][vc_column width=\u00a0\u00bb1\/2&Prime;][vc_empty_space height=\u00a0\u00bb2.5em\u00a0\u00bb alter_height=\u00a0\u00bbnone\u00a0\u00bb hide_on_mobile=\u00a0\u00bb\u00a0\u00bb][trx_sc_action type=\u00a0\u00bbdefault\u00a0\u00bb full_height=\u00a0\u00bb\u00a0\u00bb actions=\u00a0\u00bb%5B%7B%22position%22%3A%22mc%22%2C%22link%22%3A%22%2Fshop%2F%22%2C%22link_text%22%3A%22Bijoux%22%2C%22bg_image%22%3A%22710%22%2C%22icon%22%3A%22Array%22%7D%5D\u00a0\u00bb title_style=\u00a0\u00bbdefault\u00a0\u00bb height=\u00a0\u00bb26.5em\u00a0\u00bb css=\u00a0\u00bb.vc_custom_1720118097748{background-image: url(http:\/\/ka-creation.fr\/wp-content\/uploads\/2024\/07\/24-05-11_KarinaCreation_RobeA-9-scaled-e1720118061604.jpg?id=2187) !important;background-position: center !important;background-repeat: no-repeat !important;background-size: contain !important;}\u00a0\u00bb][vc_empty_space height=\u00a0\u00bb2.5em\u00a0\u00bb alter_height=\u00a0\u00bbnone\u00a0\u00bb hide_on_mobile=\u00a0\u00bb\u00a0\u00bb][\/vc_column][\/vc_row][vc_row equal_height=\u00a0\u00bbyes\u00a0\u00bb content_placement=\u00a0\u00bbmiddle\u00a0\u00bb][vc_column css=\u00a0\u00bb.vc_custom_1492700725457{margin-right: 20px !important;margin-left: 20px !important;background-color: #ebe9e6 !important;}\u00a0\u00bb&#8230;<\/p>\n","protected":false},"author":1,"featured_media":0,"parent":0,"menu_order":0,"comment_status":"closed","ping_status":"closed","template":"","meta":{"footnotes":""},"class_list":["post-29","page","type-page","status-publish","hentry"],"jetpack_sharing_enabled":true,"_links":{"self":[{"href":"https:\/\/ka-creation.fr\/index.php?rest_route=\/wp\/v2\/pages\/29","targetHints":{"allow":["GET"]}}],"collection":[{"href":"https:\/\/ka-creation.fr\/index.php?rest_route=\/wp\/v2\/pages"}],"about":[{"href":"https:\/\/ka-creation.fr\/index.php?rest_route=\/wp\/v2\/types\/page"}],"author":[{"embeddable":true,"href":"https:\/\/ka-creation.fr\/index.php?rest_route=\/wp\/v2\/users\/1"}],"replies":[{"embeddable":true,"href":"https:\/\/ka-creation.fr\/index.php?rest_route=%2Fwp%2Fv2%2Fcomments&post=29"}],"version-history":[{"count":44,"href":"https:\/\/ka-creation.fr\/index.php?rest_route=\/wp\/v2\/pages\/29\/revisions"}],"predecessor-version":[{"id":2831,"href":"https:\/\/ka-creation.fr\/index.php?rest_route=\/wp\/v2\/pages\/29\/revisions\/2831"}],"wp:attachment":[{"href":"https:\/\/ka-creation.fr\/index.php?rest_route=%2Fwp%2Fv2%2Fmedia&parent=29"}],"curies":[{"name":"wp","href":"https:\/\/api.w.org\/{rel}","templated":true}]}}